{"id":6062,"date":"2025-09-29T12:22:19","date_gmt":"2025-09-29T10:22:19","guid":{"rendered":"https:\/\/gral53.fr\/?page_id=6062"},"modified":"2025-09-29T18:41:06","modified_gmt":"2025-09-29T16:41:06","slug":"interclubs","status":"publish","type":"page","link":"https:\/\/gral53.fr\/index.php\/interclubs\/","title":{"rendered":"Interclubs"},"content":{"rendered":"<p>La plupart des clubs de la Mayenne offrent la possibilit\u00e9 aux licenci\u00e9.e.s du d\u00e9partement de grimper dans leurs salles.<\/p>\n<p>Si vous \u00eates licenci\u00e9.e au GRAL, vous avez la possibilit\u00e9 d&rsquo;aller vous entra\u00eener dans les clubs suivants :<\/p>\n<ul>\n<li><strong>Bacogrimp\u2019<\/strong> &#8211; Espace Fran\u00e7ois Legrand, Rue du Bourgneuf &#8211; 53240 LA BACONNI\u00c8RE (bloc uniquement) le <strong>dimanche matin de 10h \u00e0 12h<\/strong> sauf pendant les vacances scolaires,<\/li>\n<li><strong>MAY&rsquo;ROC<\/strong> &#8211; Hall des Sports &#8211; rue R\u00e9aumur &#8211; 53100 Mayenne le <strong>jeudi soir de 19h \u00e0 21h<\/strong><\/li>\n<\/ul>\n<p>N&rsquo;h\u00e9sitez pas \u00e0 en profiter !<\/p>\n","protected":false},"excerpt":{"rendered":"<p>La plupart des clubs de la Mayenne offrent la possibilit\u00e9 aux licenci\u00e9.e.s du d\u00e9partement de grimper dans leurs salles. Si vous \u00eates licenci\u00e9.e au GRAL, vous avez la possibilit\u00e9 d&rsquo;aller vous entra\u00eener dans les&#46;&#46;&#46;<\/p>\n","protected":false},"author":1,"featured_media":0,"parent":0,"menu_order":0,"comment_status":"closed","ping_status":"closed","template":"","meta":{"footnotes":""},"class_list":["post-6062","page","type-page","status-publish","hentry"],"post_mailing_queue_ids":[],"_links":{"self":[{"href":"https:\/\/gral53.fr\/index.php\/wp-json\/wp\/v2\/pages\/6062","targetHints":{"allow":["GET"]}}],"collection":[{"href":"https:\/\/gral53.fr\/index.php\/wp-json\/wp\/v2\/pages"}],"about":[{"href":"https:\/\/gral53.fr\/index.php\/wp-json\/wp\/v2\/types\/page"}],"author":[{"embeddable":true,"href":"https:\/\/gral53.fr\/index.php\/wp-json\/wp\/v2\/users\/1"}],"replies":[{"embeddable":true,"href":"https:\/\/gral53.fr\/index.php\/wp-json\/wp\/v2\/comments?post=6062"}],"version-history":[{"count":3,"href":"https:\/\/gral53.fr\/index.php\/wp-json\/wp\/v2\/pages\/6062\/revisions"}],"predecessor-version":[{"id":6068,"href":"https:\/\/gral53.fr\/index.php\/wp-json\/wp\/v2\/pages\/6062\/revisions\/6068"}],"wp:attachment":[{"href":"https:\/\/gral53.fr\/index.php\/wp-json\/wp\/v2\/media?parent=6062"}],"curies":[{"name":"wp","href":"https:\/\/api.w.org\/{rel}","templated":true}]}}