{"id":51,"date":"2019-08-12T11:30:53","date_gmt":"2019-08-12T09:30:53","guid":{"rendered":"http:\/\/gral53.fr\/?page_id=51"},"modified":"2020-05-26T12:28:39","modified_gmt":"2020-05-26T10:28:39","slug":"reglement","status":"publish","type":"page","link":"https:\/\/gral53.fr\/index.php\/reglement\/","title":{"rendered":"R\u00e8glement"},"content":{"rendered":"<h2 style=\"text-align: center;\"><img decoding=\"async\" class=\" wp-image-748 alignleft\" src=\"https:\/\/gral53.fr\/wp-content\/uploads\/2019\/08\/Logo.jpg\" alt=\"\" width=\"107\" height=\"112\" \/><\/h2>\n<h2 style=\"text-align: center;\">R\u00c8GLEMENT INT\u00c9RIEUR<br \/>\nGRIMPER EN AGGLOM\u00c9RATION LAVALLOISE<\/h2>\n<h4 style=\"text-align: center;\">Club affili\u00e9 \u00e0 la F\u00e9d\u00e9ration Fran\u00e7aise de la Montagne et de l\u2019Escalade (FFME)<\/h4>\n<h4 style=\"text-align: center;\">Association Loi 1901 agr\u00e9\u00e9e par le Minist\u00e8re de la Jeunesse et des Sports<\/h4>\n<p>&nbsp;<\/p>\n<p><span style=\"color: #0000ff;\">Outre les r\u00e8gles \u00e9l\u00e9mentaires de savoir-vivre, de courtoisie et d\u2019esprit sportif, l\u2019adh\u00e9sion au club implique le respect de ce r\u00e8glement int\u00e9rieur. Les licenci\u00e9s s&rsquo;engagent \u00e0 respecter les instructions et les conseils des encadrants de la s\u00e9ance et des dirigeants du club.<\/span><\/p>\n<p><span style=\"color: #0000ff;\">En cas de non-respect de ce r\u00e8glement, les encadrants se r\u00e9servent le droit d\u2019exclure provisoirement ou d\u00e9finitivement, tout licenci\u00e9 perturbateur et susceptible de nuire \u00e0 la s\u00e9curit\u00e9 des autres ou ayant des propos d\u00e9sobligeants ou des actes d\u00e9plac\u00e9s lors des s\u00e9ances.<\/span><\/p>\n<p style=\"text-align: center;\"><span style=\"color: #000000;\">L&rsquo;association GRAL d\u00e9cline toute responsabilit\u00e9 en cas d\u2019accident survenu \u00e0 la suite de la non-observation du pr\u00e9sent r\u00e8glement.<\/span><\/p>\n<p>&nbsp;<\/p>\n<p><strong>1 &#8211; INSCRIPTION ET DROIT D&rsquo;ACC\u00c8S<\/strong><\/p>\n<p style=\"padding-left: 40px;\">L\u2019acc\u00e8s n\u2019est autoris\u00e9 qu\u2019aux adh\u00e9rents du club ayant retourn\u00e9 le dossier d&rsquo;inscription complet et \u00e0 jour de leur cotisation et \u00e9ventuels grimpeurs assur\u00e9s FFME pr\u00e9alablement autoris\u00e9s. Autorisation \u00e9galement accord\u00e9e aux personnes ext\u00e9rieures lors d\u2019op\u00e9rations exceptionnelles (Portes ouvertes organis\u00e9es par le club) ou lors d\u2019une seule et unique s\u00e9ance d\u00e9couverte.<\/p>\n<p>&nbsp;<\/p>\n<p><strong>2 &#8211; CONDITIONS D&rsquo;ACC\u00c8S ET D&rsquo;UTILISATION<\/strong><\/p>\n<p style=\"padding-left: 40px; text-align: center;\"><span style=\"color: #ff0000;\"><strong>L\u2019ESCALADE demande une VIGILANCE de chaque instant<\/strong><\/span><\/p>\n<p style=\"padding-left: 40px;\">Chaque grimpeur doit appliquer les consignes de s\u00e9curit\u00e9 de la FFME \u2013 en voici un extrait :<\/p>\n<ul>\n<li style=\"list-style-type: none;\">\n<ul>\n<li>Utiliser le N\u0153ud d\u2019encordement recommand\u00e9 par la f\u00e9d\u00e9ration : n\u0153ud de huit avec n\u0153ud d\u2019arr\u00eat.<\/li>\n<li>Ne pas se laisser distraire lorsque l\u2019on fait son n\u0153ud d\u2019encordement. Avant de grimper, v\u00e9rification mutuelle avec l\u2019assureur.<\/li>\n<li>Rester tr\u00e8s vigilant lors de la progression du grimpeur particuli\u00e8rement lors de l\u2019escalade en t\u00eate.<\/li>\n<li>Les grimpeurs en t\u00eate doivent mousquetonner l&rsquo;ensemble des d\u00e9gaines de la voie.<\/li>\n<li>Il est formellement interdit de grimper sans syst\u00e8me d\u2019assurage, d\u00e8s lors que les mains atteignent 1\u00e8re plaquette d\u2019assurage.<\/li>\n<li>Il est interdit de stationner ou de poser son mat\u00e9riel sur les tapis de r\u00e9ception et de traverser ce tapis.<\/li>\n<li>En cas d\u2019anomalie, de constat de mat\u00e9riels d\u00e9fectueux, il faut le signaler aupr\u00e8s du responsable de salle.<\/li>\n<\/ul>\n<\/li>\n<\/ul>\n<p style=\"padding-left: 40px;\">Autres r\u00e8gles de bonne conduite :<\/p>\n<ul>\n<li style=\"list-style-type: none;\">\n<ul>\n<li>Il est interdit de fumer et de consommer de l&rsquo;alcool durant les s\u00e9ances d\u2019entra\u00eenements.<\/li>\n<li>On respecte les voies ouvertes identifi\u00e9es.<\/li>\n<li>Il est demand\u00e9 aux pratiquants de se changer dans les vestiaires et d\u2019y laisser leurs affaires.<\/li>\n<li>Le port de bijoux (alliance, etc) est fortement d\u00e9conseill\u00e9.<\/li>\n<li>Les locaux mis \u00e0 votre disposition devront \u00eatre laiss\u00e9s propres et en bon \u00e9tat.<\/li>\n<li>Le club d\u00e9cline toute responsabilit\u00e9 concernant les effets personnels des adh\u00e9rents.<\/li>\n<\/ul>\n<\/li>\n<\/ul>\n<p>&nbsp;<\/p>\n<p><strong>3 &#8211; CRENAUX AUTONOMES<\/strong><\/p>\n<p style=\"padding-left: 40px;\">Les cr\u00e9neaux autonomes sont des s\u00e9ances ouvertes \u00e0 tous les membres o\u00f9 les grimpeurs se g\u00e8rent en autonomie. Ils sont responsables de leur propre s\u00e9curit\u00e9 et de celles des autres pratiquants. Le responsable de s\u00e9ance n&rsquo;est pr\u00e9sent que pour veiller \u00e0 la s\u00e9curit\u00e9 et donner des conseils.<br \/>\nLes adultes licenci\u00e9s sont reconnus comme responsables et autonomes si et seulement si, ils ont un niveau de pratique et de connaissance de niveau passeport blanc.<\/p>\n<p style=\"padding-left: 40px;\">La pr\u00e9sence de mineurs non accompagn\u00e9s lors des cr\u00e9neaux autonomes ne pourra \u00eatre autoris\u00e9e que par le responsable de la s\u00e9ance apr\u00e8s validation de leur comp\u00e9tence aupr\u00e8s de leur moniteur. Dans ce cas, une autorisation parentale devra \u00eatre sign\u00e9e \u00e0 l\u2019inscription et un N\u00b0 de t\u00e9l\u00e9phone d\u2019un responsable l\u00e9gal devra \u00eatre renseign\u00e9.<\/p>\n<p>&nbsp;<\/p>\n<p><strong>4 &#8211; D\u00c9ROULEMENT DES COURS<\/strong><\/p>\n<p style=\"padding-left: 40px;\">Il se peut qu\u2019en cas de force majeure, des s\u00e9ances soient annul\u00e9es ou des horaires modifi\u00e9s. Dans ce cas une information par des moyens adapt\u00e9s avertira l\u2019ensemble des grimpeurs. Il n\u2019y a pas de cours<br \/>\nassur\u00e9s pendant les vacances scolaires (sauf rattrapage d\u2019un cours annul\u00e9).<\/p>\n<p style=\"padding-left: 40px;\">En cas de d\u00e9sistement en cours d\u2019ann\u00e9e ou d\u2019absence pendant les cours, le GRAL ne proc\u00e9dera \u00e0 aucun remboursement de frais.<\/p>\n<p>&nbsp;<\/p>\n<p><strong>5 &#8211; ECOLE DES JEUNES<\/strong><\/p>\n<p style=\"padding-left: 40px;\">Les parents, le responsable l\u00e9gal ou temporaire s\u2019engagent \u00e0 :<\/p>\n<ul>\n<li style=\"list-style-type: none;\">\n<ul>\n<li>Amener les enfants au d\u00e9but des cr\u00e9neaux horaires dans la salle ou sur le lieu de pratique.<\/li>\n<li>S\u2019assurer de la pr\u00e9sence de l\u2019encadrant avant de laisser les enfants.<\/li>\n<li>A r\u00e9cup\u00e9rer les enfants en avisant l\u2019encadrant de leur d\u00e9part \u00e0 la fin de la s\u00e9ance.<\/li>\n<\/ul>\n<\/li>\n<\/ul>\n<p style=\"padding-left: 40px;\">Au cours d\u2019une s\u00e9ance, aucun enfant mineur ne sera autoris\u00e9 \u00e0 quitter l&rsquo;enceinte du mur d&rsquo;escalade seul (hors autorisation parentale \u00e9crite, voir dossier d\u2019inscription).<br \/>\nA la fin du cr\u00e9neau horaire, l\u2019encadrant n\u2019est juridiquement plus responsable de l\u2019enfant.<\/p>\n<p style=\"padding-left: 40px;\">Pour assurer un meilleur d\u00e9roulement des cours et ne pas d\u00e9concentrer les pratiquants, il est demand\u00e9 aux parents de ne pas assister aux cours, sauf autorisation de l\u2019encadrant.<\/p>\n<p style=\"padding-left: 40px;\">Lors des d\u00e9placements par v\u00e9hicule personnel, c\u2019est l\u2019assurance du titulaire du v\u00e9hicule qui prend en charge les occupants en cas d\u2019accident.<\/p>\n<p style=\"padding-left: 40px; text-align: center;\"><span style=\"color: #0000ff;\">En cas d\u2019urgence m\u00e9dicale, il sera fait appel au Service d\u2019Urgences. A cet effet les parents autorisent l\u2019encadrant \u00e0 prendre toutes les dispositions n\u00e9cessaires.<\/span><\/p>\n<p>&nbsp;<\/p>\n<p><strong>6 &#8211; LE MAT\u00c9RIEL ET SON UTILISATION<\/strong><\/p>\n<p style=\"padding-left: 40px;\">Le club met gracieusement du mat\u00e9riel \u00e0 disposition des adh\u00e9rents. En contrepartie l\u2019utilisateur s\u2019engage \u00e0 le respecter et \u00e0 le ranger selon l\u2019organisation pr\u00e9vue.<\/p>\n<p style=\"padding-left: 40px;\">Les Equipements de Protection Individuels (EPI) mis \u00e0 disposition par le club sont v\u00e9rifi\u00e9s au moins une fois par an. Les utilisateurs sont toutefois tenus de s\u2019assurer de leur bon \u00e9tat avant de les utiliser. En cas<br \/>\nd\u2019anomalie remarqu\u00e9e, l\u2019encadrant ou le responsable de la s\u00e9ance doit en \u00eatre averti et le mat\u00e9riel retir\u00e9 afin de subir une v\u00e9rification par les personnes comp\u00e9tentes.<\/p>\n<p style=\"padding-left: 40px;\">L\u2019utilisation de mat\u00e9riel personnel est aux risques et p\u00e9rils de l\u2019utilisateur. Les grimpeurs devront \u00eatre \u00e9quip\u00e9s d\u2019un mat\u00e9riel adapt\u00e9 et conforme aux normes de s\u00e9curit\u00e9 pour la pratique de l\u2019escalade. Le<br \/>\nresponsable de s\u00e9ance pourra interdire tout mat\u00e9riel qu&rsquo;il jugerait dangereux pour la s\u00e9curit\u00e9 du grimpeur.<\/p>\n<p style=\"padding-left: 40px;\">Le club peut \u00e9ventuellement pr\u00eater du mat\u00e9riel avec caution et validation par le responsable EPI.<\/p>\n<p style=\"text-align: center;\"><span style=\"color: #0000ff;\">Du bon \u00e9tat du mat\u00e9riel utilis\u00e9 d\u00e9pend la s\u00e9curit\u00e9 du grimpeur. Faites attention \u00e0 ne pas l\u2019endommager, d\u2019autant plus que celui-ci est souvent on\u00e9reux.<\/span><\/p>\n<p>&nbsp;<\/p>\n<p><strong>7 &#8211; COMP\u00c9TITIONS<\/strong><\/p>\n<p style=\"padding-left: 40px;\">Les licenci\u00e9s ont libre choix de participer aux comp\u00e9titions ou non. Pour toute participation, le certificat m\u00e9dical autorisant \u00e0 la pratique de l\u2019escalade doit comporter la mention \u00ab y compris en comp\u00e9tition \u00bb.<\/p>\n<p>&nbsp;<\/p>\n<p><strong>8 &#8211; INFORMATIONS CLUB<\/strong><\/p>\n<p style=\"padding-left: 40px;\">Toute information Sur la vie du club, sera affich\u00e9e \u00e0 la salle (panneau de communication) : pensez \u00e0 en prendre connaissance.<\/p>\n<ul>\n<li style=\"list-style-type: none;\">\n<ul>\n<li>Le blog du club (<a href=\"http:\/\/gral53.fr\" target=\"_blank\" rel=\"noopener noreferrer\">gral53.fr<\/a>) renseigne sur l\u2019actualit\u00e9 du club, les r\u00e9sultats obtenus par les pratiquants, les horaires des cours, etc\u2026<\/li>\n<li>Le site FFME (<a href=\"http:\/\/www.ffme.fr\" target=\"_blank\" rel=\"noopener noreferrer\">www.ffme.fr<\/a>) communique entre autres les r\u00e9sultats et les dates de comp\u00e9tition.<\/li>\n<\/ul>\n<\/li>\n<\/ul>\n<p style=\"padding-left: 40px;\">Sauf d\u00e9saccord de leur part, les licenci\u00e9s et parents ou repr\u00e9sentants l\u00e9gaux de licenci\u00e9s mineurs autorisent le club \u00e0 les photographier et \u00e0 diffuser leurs photos dans la presse ou sur le blog. Une demande d\u2019autorisation sera diffus\u00e9e \u00e0 chaque d\u00e9but de saison.<\/p>\n<p style=\"padding-left: 40px;\">Lors de sorties propos\u00e9es par le club, les licenci\u00e9s doivent s&rsquo;organiser entre eux pour le transport en privil\u00e9giant le covoiturage.<\/p>\n<p>&nbsp;<\/p>\n<p><span style=\"color: #ff6600;\"><em>Le pr\u00e9sent r\u00e8glement a \u00e9t\u00e9 adopt\u00e9 par le conseil d\u2019administration du 20\/01\/2017<\/em><\/span><\/p>\n","protected":false},"excerpt":{"rendered":"<p>R\u00c8GLEMENT INT\u00c9RIEUR GRIMPER EN AGGLOM\u00c9RATION LAVALLOISE Club affili\u00e9 \u00e0 la F\u00e9d\u00e9ration Fran\u00e7aise de la Montagne et de l\u2019Escalade (FFME) Association Loi 1901 agr\u00e9\u00e9e par le Minist\u00e8re de la Jeunesse et des Sports &nbsp; Outre&#46;&#46;&#46;<\/p>\n","protected":false},"author":1,"featured_media":748,"parent":0,"menu_order":0,"comment_status":"closed","ping_status":"closed","template":"","meta":{"footnotes":""},"class_list":["post-51","page","type-page","status-publish","has-post-thumbnail","hentry"],"post_mailing_queue_ids":[],"_links":{"self":[{"href":"https:\/\/gral53.fr\/index.php\/wp-json\/wp\/v2\/pages\/51","targetHints":{"allow":["GET"]}}],"collection":[{"href":"https:\/\/gral53.fr\/index.php\/wp-json\/wp\/v2\/pages"}],"about":[{"href":"https:\/\/gral53.fr\/index.php\/wp-json\/wp\/v2\/types\/page"}],"author":[{"embeddable":true,"href":"https:\/\/gral53.fr\/index.php\/wp-json\/wp\/v2\/users\/1"}],"replies":[{"embeddable":true,"href":"https:\/\/gral53.fr\/index.php\/wp-json\/wp\/v2\/comments?post=51"}],"version-history":[{"count":0,"href":"https:\/\/gral53.fr\/index.php\/wp-json\/wp\/v2\/pages\/51\/revisions"}],"wp:featuredmedia":[{"embeddable":true,"href":"https:\/\/gral53.fr\/index.php\/wp-json\/wp\/v2\/media\/748"}],"wp:attachment":[{"href":"https:\/\/gral53.fr\/index.php\/wp-json\/wp\/v2\/media?parent=51"}],"curies":[{"name":"wp","href":"https:\/\/api.w.org\/{rel}","templated":true}]}}