{"id":4872,"date":"2023-09-14T11:38:38","date_gmt":"2023-09-14T09:38:38","guid":{"rendered":"https:\/\/gral53.fr\/?page_id=4872"},"modified":"2025-09-02T19:45:14","modified_gmt":"2025-09-02T17:45:14","slug":"acces-espace-mayenne","status":"publish","type":"page","link":"https:\/\/gral53.fr\/index.php\/acces-espace-mayenne\/","title":{"rendered":"Espace Mayenne"},"content":{"rendered":"<p>Grimpeuses, Grimpeurs,<\/p>\n<p>&nbsp;<\/p>\n<p>L&rsquo;Espace Mayenne nous ouvre ses portes pour cette nouvelle saison. A la fin de la saison derni\u00e8re les modalit\u00e9s d&rsquo;acc\u00e8s ont \u00e9t\u00e9 remises \u00e0 jour. Voici un r\u00e9sum\u00e9 des principales r\u00e8gles \u00e0 respecter :<\/p>\n<ul>\n<li>Un responsable de salle du GRAL doit \u00eatre obligatoirement inscrit et pr\u00e9sent pour que des grimpeurs du GRAL puissent vernir \u00e0 l&rsquo;EM. En cas d&rsquo;absence de responsable du GRAL, les grimpeurs du GRAL ne pourront pas grimper. Un responsable d&rsquo;un autre club ne peut pas prendre en charge les grimpeurs du GRAL.<\/li>\n<li>Tous les grimpeur du GRAL doivent avoir en leur possession les deux pastilles d&rsquo;acc\u00e8s \u00e0 la salle (voir photo) : La licence de l&rsquo;ann\u00e9e en vert et la pastille orange prouvant l&rsquo;obtention du modul\u00e9 s\u00e9curit\u00e9 du passeport orange. Tout grimpeur sans ces pastilles ne pourra pas grimper. Les pastilles doivent \u00eatre accroch\u00e9es \u00e0 votre harnais.<\/li>\n<li>L&rsquo;inscription obligatoire au fichier de l&rsquo;acc\u00e8s \u00e0 l&rsquo;EM : <span style=\"color: #99cc00;\"><strong><a style=\"color: #99cc00;\" href=\"https:\/\/docs.google.com\/spreadsheets\/d\/1HaZXw9iCBWmoUf5_3Lw0gonMgmyUPKq9xDEpmGV-b8o\/edit?gid=492797149#gid=492797149\" target=\"_blank\" rel=\"noopener\">&gt;&gt; Inscription EM &lt;&lt;<\/a><\/strong><\/span><\/li>\n<li>Les grimpeurs non inscrits au fichier ne pourront acc\u00e9der \u00e0 l&rsquo;EM<\/li>\n<li>La signature obligatoire du r\u00e8glement int\u00e9rieur de l&rsquo;EM pour acc\u00e9der \u00e0 la salle (lien ci-dessous); Document \u00e0 signer \u00e0 la salle Jeff Lemoine<\/li>\n<li>La r\u00e9alisation du n\u0153ud de 8 pour l&rsquo;encordement<\/li>\n<\/ul>\n<p>&nbsp;<\/p>\n<p>Merci donc de passer \u00e0 la salle Jeff Lemoine <span style=\"color: #ff0000;\"><strong>AVANT<\/strong> <\/span>d&rsquo;aller \u00e0 l&rsquo;EM pour r\u00e9cup\u00e9rer vos pastilles et signer la feuille du r\u00e8glement int\u00e9rieur avec la preuve de votre licence \u00e0 jour et de votre module s\u00e9curit\u00e9 du passeport orange.<\/p>\n<p>&nbsp;<\/p>\n<p>Afin de tous profiter en toute s\u00e9r\u00e9nit\u00e9 de l&rsquo;EM nous vous remercions par avance de respecter ces quelques r\u00e8gles simples, mais aussi de prendre en comptes les remarques des responsable de salle qui sont tous b\u00e9n\u00e9voles et avec qui sans eux ne nous n&rsquo;aurions pas acc\u00e8s \u00e0 l&rsquo;Espace Mayenne.<\/p>\n<p>Nous vous souhaitons une tr\u00e8s bonne grimpe \u00e0 l&rsquo;Espace Mayenne pour cette nouvelle saison.<\/p>\n<p><a href=\"https:\/\/gral53.fr\/wp-content\/uploads\/2023\/09\/Reglement-interieur-escalade-Espace-Mayenne.pdf\" target=\"_blank\" rel=\"noopener\">R\u00e8glement int\u00e9rieur escalade Espace Mayenne<\/a><\/p>\n<p><span style=\"color: #99cc00;\"><strong><a style=\"color: #99cc00;\" href=\"https:\/\/docs.google.com\/spreadsheets\/d\/1HaZXw9iCBWmoUf5_3Lw0gonMgmyUPKq9xDEpmGV-b8o\/edit?gid=492797149#gid=492797149\" target=\"_blank\" rel=\"noopener\">&gt;&gt; Inscription EM &lt;&lt;<\/a><\/strong><\/span><\/p>\n<p>Pastilles d&rsquo;acc\u00e8s \u00e0 l&rsquo;EM<\/p>\n<p><img decoding=\"async\" class=\"alignnone size-medium wp-image-4837\" src=\"https:\/\/gral53.fr\/wp-content\/uploads\/2023\/08\/20230821_211707-300x300.jpg\" alt=\"\" width=\"300\" height=\"300\" srcset=\"https:\/\/gral53.fr\/wp-content\/uploads\/2023\/08\/20230821_211707-300x300.jpg 300w, https:\/\/gral53.fr\/wp-content\/uploads\/2023\/08\/20230821_211707-150x150.jpg 150w, https:\/\/gral53.fr\/wp-content\/uploads\/2023\/08\/20230821_211707-80x80.jpg 80w, https:\/\/gral53.fr\/wp-content\/uploads\/2023\/08\/20230821_211707-320x320.jpg 320w, https:\/\/gral53.fr\/wp-content\/uploads\/2023\/08\/20230821_211707.jpg 769w\" sizes=\"(max-width: 300px) 100vw, 300px\" \/><\/p>\n","protected":false},"excerpt":{"rendered":"<p>Grimpeuses, Grimpeurs, &nbsp; L&rsquo;Espace Mayenne nous ouvre ses portes pour cette nouvelle saison. A la fin de la saison derni\u00e8re les modalit\u00e9s d&rsquo;acc\u00e8s ont \u00e9t\u00e9 remises \u00e0 jour. Voici un r\u00e9sum\u00e9 des principales r\u00e8gles&#46;&#46;&#46;<\/p>\n","protected":false},"author":1,"featured_media":0,"parent":0,"menu_order":0,"comment_status":"closed","ping_status":"closed","template":"","meta":{"footnotes":""},"class_list":["post-4872","page","type-page","status-publish","hentry"],"post_mailing_queue_ids":[],"_links":{"self":[{"href":"https:\/\/gral53.fr\/index.php\/wp-json\/wp\/v2\/pages\/4872","targetHints":{"allow":["GET"]}}],"collection":[{"href":"https:\/\/gral53.fr\/index.php\/wp-json\/wp\/v2\/pages"}],"about":[{"href":"https:\/\/gral53.fr\/index.php\/wp-json\/wp\/v2\/types\/page"}],"author":[{"embeddable":true,"href":"https:\/\/gral53.fr\/index.php\/wp-json\/wp\/v2\/users\/1"}],"replies":[{"embeddable":true,"href":"https:\/\/gral53.fr\/index.php\/wp-json\/wp\/v2\/comments?post=4872"}],"version-history":[{"count":7,"href":"https:\/\/gral53.fr\/index.php\/wp-json\/wp\/v2\/pages\/4872\/revisions"}],"predecessor-version":[{"id":5996,"href":"https:\/\/gral53.fr\/index.php\/wp-json\/wp\/v2\/pages\/4872\/revisions\/5996"}],"wp:attachment":[{"href":"https:\/\/gral53.fr\/index.php\/wp-json\/wp\/v2\/media?parent=4872"}],"curies":[{"name":"wp","href":"https:\/\/api.w.org\/{rel}","templated":true}]}}