{"id":46,"date":"2019-08-12T11:27:02","date_gmt":"2019-08-12T09:27:02","guid":{"rendered":"http:\/\/gral53.fr\/?page_id=46"},"modified":"2026-04-24T21:07:44","modified_gmt":"2026-04-24T19:07:44","slug":"qui-sommes-nous","status":"publish","type":"page","link":"https:\/\/gral53.fr\/index.php\/qui-sommes-nous\/","title":{"rendered":"Le Club"},"content":{"rendered":"<h4>L&rsquo;Histoire du club :<\/h4>\n<p style=\"padding-left: 40px;\">Le club GRAL a \u00e9t\u00e9 cr\u00e9\u00e9 en 2009 \u00e0 la suite de la fusion entre le club D\u00e9verticale de Saint-Berthevin et le club historique de la Mayenne le N\u00e9pal cr\u00e9\u00e9 en 1977.<\/p>\n<p style=\"padding-left: 80px;\"><img decoding=\"async\" class=\"wp-image-1243 alignleft\" src=\"https:\/\/gral53.fr\/wp-content\/uploads\/2019\/08\/Logo_nepal.jpg\" alt=\"\" width=\"77\" height=\"71\" srcset=\"https:\/\/gral53.fr\/wp-content\/uploads\/2019\/08\/Logo_nepal.jpg 388w, https:\/\/gral53.fr\/wp-content\/uploads\/2019\/08\/Logo_nepal-300x274.jpg 300w\" sizes=\"(max-width: 77px) 100vw, 77px\" \/> <img decoding=\"async\" class=\"wp-image-1244 alignleft\" src=\"https:\/\/gral53.fr\/wp-content\/uploads\/2019\/08\/Logo_dverticale-300x178.jpg\" alt=\"\" width=\"125\" height=\"74\" srcset=\"https:\/\/gral53.fr\/wp-content\/uploads\/2019\/08\/Logo_dverticale-300x178.jpg 300w, https:\/\/gral53.fr\/wp-content\/uploads\/2019\/08\/Logo_dverticale.jpg 334w\" sizes=\"(max-width: 125px) 100vw, 125px\" \/><\/p>\n<p>&nbsp;<\/p>\n<p>&nbsp;<\/p>\n<p>&nbsp;<\/p>\n<p style=\"padding-left: 40px;\">Le club est affili\u00e9 \u00e0 la FFME (F\u00e9d\u00e9ration Fran\u00e7aise de la Montagne et Escalade.)<\/p>\n<p>&nbsp;<\/p>\n<h4>L&rsquo;Effectif :<\/h4>\n<p>Le club propose une \u00e9cole d&rsquo;escalade pour les jeunes de 6 \u00e0 17 ans r\u00e9volus, des cours adultes d\u00e9butants et perfectionnement et des cr\u00e9neaux adultes adultes autonomes.<\/p>\n<p>Saison 2025\/2026 : 365 licenci\u00e9s (210 adultes \/ 155 jeunes).<\/p>\n<h4><\/h4>\n<h4>Nos Labels :<\/h4>\n<p style=\"padding-left: 40px;\">Club Escalade et Club Ecole Escalade<\/p>\n<p style=\"padding-left: 40px;\"><img decoding=\"async\" class=\"size-full wp-image-1253 alignnone\" src=\"https:\/\/gral53.fr\/wp-content\/uploads\/2019\/08\/Labels.jpg\" alt=\"\" width=\"380\" height=\"168\" srcset=\"https:\/\/gral53.fr\/wp-content\/uploads\/2019\/08\/Labels.jpg 380w, https:\/\/gral53.fr\/wp-content\/uploads\/2019\/08\/Labels-300x133.jpg 300w\" sizes=\"(max-width: 380px) 100vw, 380px\" \/><\/p>\n<p>&nbsp;<\/p>\n","protected":false},"excerpt":{"rendered":"<p>L&rsquo;Histoire du club : Le club GRAL a \u00e9t\u00e9 cr\u00e9\u00e9 en 2009 \u00e0 la suite de la fusion entre le club D\u00e9verticale de Saint-Berthevin et le club historique de la Mayenne le N\u00e9pal cr\u00e9\u00e9&#46;&#46;&#46;<\/p>\n","protected":false},"author":1,"featured_media":748,"parent":0,"menu_order":0,"comment_status":"closed","ping_status":"closed","template":"","meta":{"footnotes":""},"class_list":["post-46","page","type-page","status-publish","has-post-thumbnail","hentry"],"post_mailing_queue_ids":[],"_links":{"self":[{"href":"https:\/\/gral53.fr\/index.php\/wp-json\/wp\/v2\/pages\/46","targetHints":{"allow":["GET"]}}],"collection":[{"href":"https:\/\/gral53.fr\/index.php\/wp-json\/wp\/v2\/pages"}],"about":[{"href":"https:\/\/gral53.fr\/index.php\/wp-json\/wp\/v2\/types\/page"}],"author":[{"embeddable":true,"href":"https:\/\/gral53.fr\/index.php\/wp-json\/wp\/v2\/users\/1"}],"replies":[{"embeddable":true,"href":"https:\/\/gral53.fr\/index.php\/wp-json\/wp\/v2\/comments?post=46"}],"version-history":[{"count":1,"href":"https:\/\/gral53.fr\/index.php\/wp-json\/wp\/v2\/pages\/46\/revisions"}],"predecessor-version":[{"id":6479,"href":"https:\/\/gral53.fr\/index.php\/wp-json\/wp\/v2\/pages\/46\/revisions\/6479"}],"wp:featuredmedia":[{"embeddable":true,"href":"https:\/\/gral53.fr\/index.php\/wp-json\/wp\/v2\/media\/748"}],"wp:attachment":[{"href":"https:\/\/gral53.fr\/index.php\/wp-json\/wp\/v2\/media?parent=46"}],"curies":[{"name":"wp","href":"https:\/\/api.w.org\/{rel}","templated":true}]}}