{"id":32,"date":"2019-08-12T11:12:29","date_gmt":"2019-08-12T09:12:29","guid":{"rendered":"http:\/\/gral53.fr\/?page_id=32"},"modified":"2020-06-26T16:10:48","modified_gmt":"2020-06-26T14:10:48","slug":"plan-de-la-salle","status":"publish","type":"page","link":"https:\/\/gral53.fr\/index.php\/plan-de-la-salle\/","title":{"rendered":"Plan de la salle"},"content":{"rendered":"\n<style>\n\t#hotspot-592 .hotspots-image-container,\n\t#hotspot-592 .leaflet-container {\n\t\tbackground: #efefef\t}\n\n\t#hotspot-592 .hotspots-placeholder {\n\t\tbackground: #2e2d29;\n\t\tborder: 0 #2e2d29 solid;\n\t\tcolor: #dfebe5;\n\t}\n\n\t#hotspot-592 .hotspot-title {\n\t\tcolor: #ffffff;\n\t}\n\n\t\t\t#hotspot-592 .hotspot-default {\n\t\t\tstroke-width: 2;\n\t\t\tfill: #ffffff;\n\t\t\tfill-opacity: 0;\n\t\t\tstroke: #ffffff;\n\t\t\tstroke-opacity: 0;\n\t\t}\n\t\t#hotspot-592 .hotspot-default:hover,\n\t\t#hotspot-592 .hotspot-default:focus-visible,\n\t\t#hotspot-592 .hotspot-default.hotspot-active {\n\t\t\tfill: #3b81bf;\n\t\t\tfill-opacity: 0.71;\n\t\t\tstroke: #235b6e;\n\t\t\tstroke-opacity: 1.01;\n\t\t}\n\t\t#hotspot-592 .leaflet-tooltip,\n\t#hotspot-592 .leaflet-rrose-content-wrapper {\n\t\tbackground: #2e2d29;\n\t\tborder-color: #2e2d29;\n\t\tcolor: #dfebe5;\n\t}\n\n\t#hotspot-592 a.leaflet-rrose-close-button {\n\t\tcolor: #ffffff;\n\t}\n\n\t#hotspot-592 .leaflet-rrose-tip {\n\t\tbackground: #2e2d29;\n\t}\n\n\t#hotspot-592 .leaflet-popup-scrolled {\n\t\tborder-bottom-color: #dfebe5;\n\t\tborder-top-color: #dfebe5;\n\t}\n\n\t#hotspot-592 .leaflet-tooltip-top:before {\n\t\tborder-top-color: #2e2d29;\n\t}\n\n\t#hotspot-592 .leaflet-tooltip-bottom:before {\n\t\tborder-bottom-color: #2e2d29;\n\t}\n\t#hotspot-592 .leaflet-tooltip-left:before {\n\t\tborder-left-color: #2e2d29;\n\t}\n\t#hotspot-592 .leaflet-tooltip-right:before {\n\t\tborder-right-color: #2e2d29;\n\t}\n<\/style>\n\n\t\n\t<div class=\"hotspots-container  layout-left event-click\" id=\"hotspot-592\" data-layout=\"left\" data-trigger=\"click\">\n\t\t<div class=\"hotspots-interaction\">\n\t\t\t\t<div class=\"hotspots-placeholder\" id=\"content-hotspot-592\">\n\t\t<div class=\"hotspot-initial\">\n\t\t\t\t\t\t\t\t\t<h2 class=\"hotspot-title\">\n\t\t\t\tPlan de la Salle\t\t\t<\/h2>\n\t\t\t\t\t\t<div class=\"hotspot-content\">\n\t\t\t\t\t\t\t<\/div>\n\t\t<\/div>\n\t<\/div>\n<div class=\"hotspots-image-container\">\n\t<img\n\t\twidth=\"900\"\n\t\theight=\"668\"\n\t\tsrc=\"https:\/\/gral53.fr\/wp-content\/uploads\/2019\/01\/Vue-Salle-e1566426798798.jpg\"\n\t\talt=\"Plan de la Salle\"\n\t\tclass=\"hotspots-image skip-lazy\"\n\t\tusemap=\"#hotspots-image-592\"\n\t\tdata-image-title=\"Plan de la Salle\"\n\t\tdata-image-description=\"\"\n\t\tdata-event-trigger=\"click\"\n\t\tdata-always-visible=\"false\"\n\t\tdata-id=\"592\"\n\t\tdata-no-lazy=\"1\"\n\t\tdata-lazy-src=\"\"\n\t\tdata-lazy=\"false\"\n\t\tloading=\"eager\"\n\t\tdata-skip-lazy=\"1\"\n\t\t>\n<\/div>\t\t<\/div>\n\t\t<map name=\"hotspots-image-592\" class=\"hotspots-map\">\n\t\t\t\t\t\t\t\t\t\t\t<area\n\t\t\t\t\tshape=\"polygon\"\n\t\t\t\t\tcoords=\"428,75,497,41,599,1,872,-1,899,285,872,288,875,452,864,509,880,527,879,640,716,625,666,656,549,644,546,574,543,505,523,434,514,370,438,149\"\n\t\t\t\t\thref=\"#hotspot-hotspot-592-0\"\n\t\t\t\t\trel=\"\"\n\t\t\t\t\ttitle=\"Devers\"\n\t\t\t\t\talt=\"Devers\"\n\t\t\t\t\tdata-action=\"\"\n\t\t\t\t\tdata-color-scheme=\"\"\n\t\t\t\t\ttarget=\"\"\n\t\t\t\t\tclass=\"more-info-area\"\n\t\t\t\t\t>\n\t\t\t\t\t\t\t\t\t\t\t<area\n\t\t\t\t\tshape=\"polygon\"\n\t\t\t\t\tcoords=\"70,349,142,355,149,575,116,577,15,573,41,456,57,442,49,425\"\n\t\t\t\t\thref=\"#hotspot-hotspot-592-1\"\n\t\t\t\t\trel=\"\"\n\t\t\t\t\ttitle=\"Mur de Gauche\"\n\t\t\t\t\talt=\"Mur de Gauche\"\n\t\t\t\t\tdata-action=\"\"\n\t\t\t\t\tdata-color-scheme=\"\"\n\t\t\t\t\ttarget=\"\"\n\t\t\t\t\tclass=\"more-info-area\"\n\t\t\t\t\t>\n\t\t\t\t\t\t\t\t\t\t\t<area\n\t\t\t\t\tshape=\"polygon\"\n\t\t\t\t\tcoords=\"450,49,334,115,230,185,244,235,247,276,247,319,248,364,254,412,257,452,265,506,258,603,486,640,494,501,489,436,472,302,472,248,439,151,428,73,452,61\"\n\t\t\t\t\thref=\"#hotspot-hotspot-592-2\"\n\t\t\t\t\trel=\"\"\n\t\t\t\t\ttitle=\"Mur de droite bis\"\n\t\t\t\t\talt=\"Mur de droite bis\"\n\t\t\t\t\tdata-action=\"\"\n\t\t\t\t\tdata-color-scheme=\"\"\n\t\t\t\t\ttarget=\"\"\n\t\t\t\t\tclass=\"more-info-area\"\n\t\t\t\t\t>\n\t\t\t\t\t\t\t\t\t\t\t<area\n\t\t\t\t\tshape=\"polygon\"\n\t\t\t\t\tcoords=\"191,268,230,251,240,236,247,261,249,360,254,415,262,459,252,506,250,558,245,602,178,587,181,550,182,507,193,466,194,428,198,389,192,349,191,308\"\n\t\t\t\t\thref=\"#hotspot-hotspot-592-3\"\n\t\t\t\t\trel=\"\"\n\t\t\t\t\ttitle=\"Mur droite\"\n\t\t\t\t\talt=\"Mur droite\"\n\t\t\t\t\tdata-action=\"\"\n\t\t\t\t\tdata-color-scheme=\"\"\n\t\t\t\t\ttarget=\"\"\n\t\t\t\t\tclass=\"more-info-area\"\n\t\t\t\t\t>\n\t\t\t\t\t<\/map>\n\n\t\t\n\t\t\t\t\t\n\t\t\t\t\t\t<div class=\"hotspot-info \" id=\"hotspot-hotspot-592-0\">\n\t\t\t\t\n\t\t\t\t<h2 class=\"hotspot-title\">Devers<\/h2>\t\t\t\t\t\t\t\t\t<div class=\"hotspot-thumb\">\n\t\t\t\t\t\t<img decoding=\"async\" src=\"https:\/\/gral53.fr\/wp-content\/uploads\/2019\/08\/Mur04-e1565694327572.jpg\">\n\t\t\t\t\t<\/div>\n\t\t\t\t\t\t\t\t<div class=\"hotspot-content\">\n\t\t\t\t\t<p>Un pan tout en devers avec des voies accessibles aux d\u00e9butants comme aux plus sportifs.<\/p>\n\t\t\t\t<\/div>\n\t\t\t<\/div>\n\t\t\t\t\t\n\t\t\t\t\t\t<div class=\"hotspot-info \" id=\"hotspot-hotspot-592-1\">\n\t\t\t\t\n\t\t\t\t<h2 class=\"hotspot-title\">Mur de Gauche<\/h2>\t\t\t\t\t\t\t\t\t<div class=\"hotspot-thumb\">\n\t\t\t\t\t\t<img decoding=\"async\" src=\"https:\/\/gral53.fr\/wp-content\/uploads\/2019\/08\/Mur01-e1565694349875.jpg\">\n\t\t\t\t\t<\/div>\n\t\t\t\t\t\t\t\t<div class=\"hotspot-content\">\n\t\t\t\t\t<p>Le pan pour les jeunes d\u00e9butants. Avec de la difficult\u00e9 si l'on souhaite n\u2019utiliser que les fonds de plaque.<\/p>\n\t\t\t\t<\/div>\n\t\t\t<\/div>\n\t\t\t\t\t\n\t\t\t\t\t\t<div class=\"hotspot-info \" id=\"hotspot-hotspot-592-2\">\n\t\t\t\t\n\t\t\t\t<h2 class=\"hotspot-title\">Mur de droite bis<\/h2>\t\t\t\t\t\t\t\t\t<div class=\"hotspot-thumb\">\n\t\t\t\t\t\t<img decoding=\"async\" src=\"https:\/\/gral53.fr\/wp-content\/uploads\/2019\/08\/Mur03-e1565694336221.jpg\">\n\t\t\t\t\t<\/div>\n\t\t\t\t\t\t\t\t<div class=\"hotspot-content\">\n\t\t\t\t\t<p>Un pan tr\u00e8s l\u00e9g\u00e8rement en n\u00e9gatif avec quelques volumes. Les voies sont entre le 5 et le 6c.<\/p>\n\t\t\t\t<\/div>\n\t\t\t<\/div>\n\t\t\t\t\t\n\t\t\t\t\t\t<div class=\"hotspot-info \" id=\"hotspot-hotspot-592-3\">\n\t\t\t\t\n\t\t\t\t<h2 class=\"hotspot-title\">Mur droite<\/h2>\t\t\t\t\t\t\t\t\t<div class=\"hotspot-thumb\">\n\t\t\t\t\t\t<img decoding=\"async\" src=\"https:\/\/gral53.fr\/wp-content\/uploads\/2019\/08\/Mur02-e1565694342784.jpg\">\n\t\t\t\t\t<\/div>\n\t\t\t\t\t\t\t\t<div class=\"hotspot-content\">\n\t\t\t\t\t<p>Le pan en positif plus accessible aux d\u00e9butants.<\/p>\n\t\t\t\t<\/div>\n\t\t\t<\/div>\n\t\t\t<\/div>\n\n\n<p>Les voies sont ouvertes en chaque d\u00e9but de saison par l&rsquo;\u00e9quipe du CT. Et en cours d&rsquo;ann\u00e9es de nouvelles voies s&rsquo;ajoutent avec des niveaux de difficult\u00e9s diff\u00e9rents mais accessibles.<\/p>\n","protected":false},"excerpt":{"rendered":"<p>Les voies sont ouvertes en chaque d\u00e9but de saison par l&rsquo;\u00e9quipe du CT. Et en cours d&rsquo;ann\u00e9es de nouvelles voies s&rsquo;ajoutent avec des niveaux de difficult\u00e9s diff\u00e9rents mais accessibles.<\/p>\n","protected":false},"author":1,"featured_media":0,"parent":0,"menu_order":0,"comment_status":"closed","ping_status":"closed","template":"","meta":{"footnotes":""},"class_list":["post-32","page","type-page","status-publish","hentry"],"post_mailing_queue_ids":[],"_links":{"self":[{"href":"https:\/\/gral53.fr\/index.php\/wp-json\/wp\/v2\/pages\/32","targetHints":{"allow":["GET"]}}],"collection":[{"href":"https:\/\/gral53.fr\/index.php\/wp-json\/wp\/v2\/pages"}],"about":[{"href":"https:\/\/gral53.fr\/index.php\/wp-json\/wp\/v2\/types\/page"}],"author":[{"embeddable":true,"href":"https:\/\/gral53.fr\/index.php\/wp-json\/wp\/v2\/users\/1"}],"replies":[{"embeddable":true,"href":"https:\/\/gral53.fr\/index.php\/wp-json\/wp\/v2\/comments?post=32"}],"version-history":[{"count":0,"href":"https:\/\/gral53.fr\/index.php\/wp-json\/wp\/v2\/pages\/32\/revisions"}],"wp:attachment":[{"href":"https:\/\/gral53.fr\/index.php\/wp-json\/wp\/v2\/media?parent=32"}],"curies":[{"name":"wp","href":"https:\/\/api.w.org\/{rel}","templated":true}]}}