{"id":24,"date":"2019-08-12T11:11:45","date_gmt":"2019-08-12T09:11:45","guid":{"rendered":"http:\/\/gral53.fr\/?page_id=24"},"modified":"2020-06-26T16:10:35","modified_gmt":"2020-06-26T14:10:35","slug":"les-passeports","status":"publish","type":"page","link":"https:\/\/gral53.fr\/index.php\/les-passeports\/","title":{"rendered":"Les passeports"},"content":{"rendered":"<h3><img decoding=\"async\" class=\"alignright size-full wp-image-1088\" src=\"https:\/\/gral53.fr\/wp-content\/uploads\/2019\/08\/Passeport.png\" alt=\"\" width=\"320\" height=\"720\" srcset=\"https:\/\/gral53.fr\/wp-content\/uploads\/2019\/08\/Passeport.png 320w, https:\/\/gral53.fr\/wp-content\/uploads\/2019\/08\/Passeport-133x300.png 133w\" sizes=\"(max-width: 320px) 100vw, 320px\" \/><\/h3>\n<h3>Le passeport, qu\u2019est-ce que c\u2019est ?<\/h3>\n<p style=\"padding-left: 40px;\">C\u2019est un dispositif qui permet de situer son niveau de pratique.<br \/>\nIl allie la technique, la s\u00e9curit\u00e9, le comportement et la connaissance de l\u2019environnement des activit\u00e9s.<br \/>\nUn livret \u00ab passeport \u00bb, tout en couleur, r\u00e9pertorie les niveaux de l\u2019acc\u00e8s \u00e0 la pratique jusqu\u2019\u00e0 des performances diversifi\u00e9es. Le \u00ab passeport \u00bb est remis gratuitement par le club \u00e0 chaque licenci\u00e9.<\/p>\n<h3>Une progression par \u00e9tapes vers des performances diversifi\u00e9es<\/h3>\n<p style=\"padding-left: 40px;\">Une progression simple, tout en couleur : blanc, jaune, orange, vert, bleu, violet, rouge, noir&#8230;<br \/>\nQui accompagne vos progr\u00e8s durant plusieurs ann\u00e9es, de votre niveau actuel jusqu\u2019\u00e0 des performances diversifi\u00e9es (grands espaces, site naturel ou comp\u00e9tition), en montagnisme, escalade , canyon&#8230;<\/p>\n<h3>Une reconnaissance de votre niveau<\/h3>\n<p style=\"padding-left: 40px;\">A la lecture du livret \u00ab passeport \u00bb, vous pouvez facilement situer votre niveau de pratique.<br \/>\nVous pouvez aussi le faire valider, au sein du club, par un initiateur (pour les premiers niveaux) puis un instructeur (pour les acc\u00e8s aux formations f\u00e9d\u00e9rales).<br \/>\nUne \u00e9chelle de valeur reconnue et utilis\u00e9e par un tr\u00e8s large \u00e9ventail de structures (clubs, salles, f\u00e9d\u00e9rations multi-sports, \u00e9tablissements de formation&#8230;)<\/p>\n<h3>Liste des passeports avec le descriptif :<\/h3>\n<ul>\n<li><strong>Passeport Blanc<\/strong> : <a href=\"https:\/\/gral53.fr\/wp-content\/uploads\/2019\/08\/passeports_escalade_blanc.pdf\">Fiche technique<\/a>\n<ul>\n<li>Je grimpe en s\u00e9curit\u00e9 sur SAE, en bloc et en moulinette, sous surveillance.<\/li>\n<li>Pour les d\u00e9butants<\/li>\n<\/ul>\n<\/li>\n<li><strong>Passeport Jaune<\/strong> : <a href=\"https:\/\/gral53.fr\/wp-content\/uploads\/2019\/08\/passeports_escalade_jaune.pdf\">Fiche technique<\/a>\n<ul>\n<li>Je grimpe en s\u00e9curit\u00e9 sur SAE, en bloc et en t\u00eate, sous surveillance.<\/li>\n<li>Une premi\u00e8re approche de la mont\u00e9e en t\u00eate<\/li>\n<\/ul>\n<\/li>\n<li><strong>Passeport Orange<\/strong> : <a href=\"https:\/\/gral53.fr\/wp-content\/uploads\/2019\/08\/passeports_escalade_orange.pdf\">Fiche technique<\/a>\n<ul>\n<li>Je grimpe en autonomie sur SAE.<\/li>\n<li>Tout est dans le descriptif&#8230;<\/li>\n<\/ul>\n<\/li>\n<li><strong>Passeport Vert<\/strong> : <a href=\"https:\/\/gral53.fr\/wp-content\/uploads\/2019\/08\/passeports_escalade_vert.pdf\">Fiche technique<\/a>\n<ul>\n<li>Je grimpe en s\u00e9curit\u00e9 en ext\u00e9rieur sur une longueur et en bloc, sous surveillance.<\/li>\n<li>Les d\u00e9buts de la grimpe en ext\u00e9rieur.<\/li>\n<\/ul>\n<\/li>\n<li><strong>Passeport Bleu<\/strong> : <a href=\"https:\/\/gral53.fr\/wp-content\/uploads\/2019\/08\/passeports_escalade_bleu.pdf\">Fiche technique<\/a>\n<ul>\n<li>Je grimpe en autonomie en ext\u00e9rieur sur une longueur.<\/li>\n<\/ul>\n<\/li>\n<li><strong>Passeport Violet<\/strong> : <a href=\"https:\/\/gral53.fr\/wp-content\/uploads\/2019\/08\/passeports_escalade_violet.pdf\">Fiche technique<\/a>\n<ul>\n<li>Je grimpe en s\u00e9curit\u00e9 en ext\u00e9rieur sur plusieurs longueurs, en voie et en bloc.<\/li>\n<\/ul>\n<\/li>\n<li><strong>Passeport Rouge<\/strong> : <a href=\"https:\/\/gral53.fr\/wp-content\/uploads\/2019\/08\/passeports_escalade_rouge.pdf\">Fiche technique<\/a>\n<ul>\n<li>Je grimpe en autonomie en ext\u00e9rieur sur plusieurs longueurs.<\/li>\n<\/ul>\n<\/li>\n<li><strong>Passeport Noir<\/strong> : <a href=\"https:\/\/gral53.fr\/wp-content\/uploads\/2019\/08\/passeports_escalade_noir.pdf\">Fiche technique<\/a>\n<ul>\n<li>Je r\u00e9alise des blocs, des voies, des grandes voies extr\u00eamement difficiles ext\u00e9rieur.<\/li>\n<\/ul>\n<\/li>\n<\/ul>\n<p>&nbsp;<\/p>\n","protected":false},"excerpt":{"rendered":"<p>Le passeport, qu\u2019est-ce que c\u2019est ? C\u2019est un dispositif qui permet de situer son niveau de pratique. Il allie la technique, la s\u00e9curit\u00e9, le comportement et la connaissance de l\u2019environnement des activit\u00e9s. Un livret&#46;&#46;&#46;<\/p>\n","protected":false},"author":1,"featured_media":0,"parent":0,"menu_order":0,"comment_status":"closed","ping_status":"closed","template":"","meta":{"footnotes":""},"class_list":["post-24","page","type-page","status-publish","hentry"],"post_mailing_queue_ids":[],"_links":{"self":[{"href":"https:\/\/gral53.fr\/index.php\/wp-json\/wp\/v2\/pages\/24","targetHints":{"allow":["GET"]}}],"collection":[{"href":"https:\/\/gral53.fr\/index.php\/wp-json\/wp\/v2\/pages"}],"about":[{"href":"https:\/\/gral53.fr\/index.php\/wp-json\/wp\/v2\/types\/page"}],"author":[{"embeddable":true,"href":"https:\/\/gral53.fr\/index.php\/wp-json\/wp\/v2\/users\/1"}],"replies":[{"embeddable":true,"href":"https:\/\/gral53.fr\/index.php\/wp-json\/wp\/v2\/comments?post=24"}],"version-history":[{"count":0,"href":"https:\/\/gral53.fr\/index.php\/wp-json\/wp\/v2\/pages\/24\/revisions"}],"wp:attachment":[{"href":"https:\/\/gral53.fr\/index.php\/wp-json\/wp\/v2\/media?parent=24"}],"curies":[{"name":"wp","href":"https:\/\/api.w.org\/{rel}","templated":true}]}}