{"id":18,"date":"2019-08-12T11:10:33","date_gmt":"2019-08-12T09:10:33","guid":{"rendered":"http:\/\/gral53.fr\/?page_id=18"},"modified":"2020-06-26T16:10:39","modified_gmt":"2020-06-26T14:10:39","slug":"les-sae-sne-du-departement","status":"publish","type":"page","link":"https:\/\/gral53.fr\/index.php\/les-sae-sne-du-departement\/","title":{"rendered":"Les SAE \/ SNE du d\u00e9partement"},"content":{"rendered":"<h4>SAE d\u00e9finition<\/h4>\n<p style=\"padding-left: 40px;\">Un <span style=\"color: #0000ff;\"><strong>SAE<\/strong> <\/span>est une <span style=\"color: #0000ff;\"><strong>Structure Artificielle d&rsquo;Escalade<\/strong><\/span>. C&rsquo;est ce que l&rsquo;on appelle plus commun\u00e9ment un Mur d&rsquo;Escalade. Il est constitu\u00e9 d&rsquo;un mur \u00e9quip\u00e9 de prises artificielles en r\u00e9sine voir de volumes pour donner un peu de \u00ab\u00a0relief\u00a0\u00bb \u00e0 la paroi. Le Mur peut \u00eatre plus ou moins inclin\u00e9 en positif comme en n\u00e9gatif (d\u00e9vers). On progresse sur le mur prot\u00e9g\u00e9 par une corde maintenue par un assureur. <strong><span style=\"color: #339966;\">On y pratique l&rsquo;escalade dite de Difficult\u00e9 ou de Vitesse<\/span><\/strong>.<br \/>\nAu sommet de chacune des voies du mur se trouve un point d&rsquo;encrage dans lequel passe la corde pour se s\u00e9curiser. Sur toute la longueur de la voie sont fix\u00e9s des points d&rsquo;encrage pour se s\u00e9curiser au fur et \u00e0 mesure de la progression.<br \/>\nAu pied du mur se trouve un tapis qui permet de minimiser les risques en cas de retour au sol lors du d\u00e9part.<\/p>\n<p style=\"padding-left: 40px;\">Dans un SAE l&rsquo;on trouve aussi des <span style=\"color: #0000ff;\"><strong>Blocs<\/strong> <\/span>bas\u00e9s sur le m\u00eame principe que les voies de difficult\u00e9s. A la diff\u00e9rence pr\u00e8s que la hauteur qui n&rsquo;est que quelques m\u00e8tres (3 \u00e0 5 m) et qu&rsquo;il n&rsquo;y a pas de corde pour s&rsquo;assurer. La protection du grimpeur lors des chutes est assur\u00e9e par des matelas de forte \u00e9paisseur. <strong><span style=\"color: #339966;\">On y pratique l&rsquo;escalade dites de Bloc<\/span><\/strong>. La faible hauteur et les protection au sol n&#8217;emp\u00eache pas la mise en place de condition de s\u00e9curit\u00e9 minimale pour faire du bloc.<\/p>\n<p style=\"padding-left: 40px;\"><em><strong>Une particularit\u00e9 propre \u00e0 l&rsquo;organisation des clubs de la Mayenne, c&rsquo;est qu&rsquo;avec votre License prise dans un club Mayennais, vous avez acc\u00e8s gratuitement \u00e0 toutes les salles de club pendant les cr\u00e9neaux libre de ces derniers. Il vous suffit de vous pr\u00e9senter au responsable de salle local et de respecter le r\u00e8glement local.<\/strong><\/em><\/p>\n<p>&nbsp;<\/p>\n<h4>SNE d\u00e9finition<\/h4>\n<p style=\"padding-left: 40px;\">Un <strong><span style=\"color: #0000ff;\">SNE<\/span> <\/strong>est un <span style=\"color: #0000ff;\"><strong>Site Naturel d&rsquo;Escalade<\/strong><\/span>. Pour faire simple&#8230; on est dehors sur de la vraie roche. Les voies sont s\u00e9curis\u00e9es par des points d&rsquo;encrage comme dans une salle. A la diff\u00e9rence pr\u00e8s que l&rsquo;espacement entre les points est variable et peut \u00eatre important (ce qui peut demander de l&rsquo;engagement et une grosse su\u00e9e). Le sommet de la voie est \u00e9quip\u00e9 d&rsquo;un relais sur lequel le grimpeur pourra fixer sa corde en toute s\u00e9curit\u00e9.<\/p>\n<p style=\"padding-left: 40px;\">En SNE on peut aussi pratiquer le Bloc. La protection du grimpeur est assur\u00e9e entre autre par des tapis (Crash Pad) que l&rsquo;on vient d\u00e9poser au pied de la voie.<\/p>\n<p>&nbsp;<\/p>\n","protected":false},"excerpt":{"rendered":"<p>SAE d\u00e9finition Un SAE est une Structure Artificielle d&rsquo;Escalade. C&rsquo;est ce que l&rsquo;on appelle plus commun\u00e9ment un Mur d&rsquo;Escalade. Il est constitu\u00e9 d&rsquo;un mur \u00e9quip\u00e9 de prises artificielles en r\u00e9sine voir de volumes pour&#46;&#46;&#46;<\/p>\n","protected":false},"author":1,"featured_media":0,"parent":0,"menu_order":0,"comment_status":"closed","ping_status":"closed","template":"","meta":{"footnotes":""},"class_list":["post-18","page","type-page","status-publish","hentry"],"post_mailing_queue_ids":[],"_links":{"self":[{"href":"https:\/\/gral53.fr\/index.php\/wp-json\/wp\/v2\/pages\/18","targetHints":{"allow":["GET"]}}],"collection":[{"href":"https:\/\/gral53.fr\/index.php\/wp-json\/wp\/v2\/pages"}],"about":[{"href":"https:\/\/gral53.fr\/index.php\/wp-json\/wp\/v2\/types\/page"}],"author":[{"embeddable":true,"href":"https:\/\/gral53.fr\/index.php\/wp-json\/wp\/v2\/users\/1"}],"replies":[{"embeddable":true,"href":"https:\/\/gral53.fr\/index.php\/wp-json\/wp\/v2\/comments?post=18"}],"version-history":[{"count":0,"href":"https:\/\/gral53.fr\/index.php\/wp-json\/wp\/v2\/pages\/18\/revisions"}],"wp:attachment":[{"href":"https:\/\/gral53.fr\/index.php\/wp-json\/wp\/v2\/media?parent=18"}],"curies":[{"name":"wp","href":"https:\/\/api.w.org\/{rel}","templated":true}]}}